{"id":1589,"date":"2024-05-16T15:13:41","date_gmt":"2024-05-16T13:13:41","guid":{"rendered":"https:\/\/www.alp-apart.tirol\/?page_id=1589"},"modified":"2024-05-16T15:18:38","modified_gmt":"2024-05-16T13:18:38","slug":"stornobedingungen","status":"publish","type":"page","link":"https:\/\/www.alp-apart.tirol\/?page_id=1589","title":{"rendered":"Stornobedingungen"},"content":{"rendered":"\t\t<div data-elementor-type=\"wp-page\" data-elementor-id=\"1589\" class=\"elementor elementor-1589\" data-elementor-settings=\"[]\">\n\t\t\t\t\t\t<div class=\"elementor-inner\">\n\t\t\t\t\t\t\t<div class=\"elementor-section-wrap\">\n\t\t\t\t\t\t\t<section class=\"elementor-section elementor-top-section elementor-element elementor-element-c83a98c elementor-section-boxed elementor-section-height-default elementor-section-height-default\" data-id=\"c83a98c\" data-element_type=\"section\">\n\t\t\t\t\t\t<div class=\"elementor-container elementor-column-gap-default\">\n\t\t\t\t\t\t\t<div class=\"elementor-row\">\n\t\t\t\t\t<div class=\"elementor-column elementor-col-100 elementor-top-column elementor-element elementor-element-67d7448\" data-id=\"67d7448\" data-element_type=\"column\">\n\t\t\t<div class=\"elementor-column-wrap elementor-element-populated\">\n\t\t\t\t\t\t\t<div class=\"elementor-widget-wrap\">\n\t\t\t\t\t\t<div class=\"elementor-element elementor-element-9c2a3ea elementor-widget elementor-widget-spacer\" data-id=\"9c2a3ea\" data-element_type=\"widget\" data-widget_type=\"spacer.default\">\n\t\t\t\t<div class=\"elementor-widget-container\">\n\t\t\t\t\t<div class=\"elementor-spacer\">\n\t\t\t<div class=\"elementor-spacer-inner\"><\/div>\n\t\t<\/div>\n\t\t\t\t<\/div>\n\t\t\t\t<\/div>\n\t\t\t\t<div class=\"elementor-element elementor-element-fcc40b8 elementor-widget elementor-widget-text-editor\" data-id=\"fcc40b8\" data-element_type=\"widget\" data-widget_type=\"text-editor.default\">\n\t\t\t\t<div class=\"elementor-widget-container\">\n\t\t\t\t\t\t\t\t<div class=\"elementor-text-editor elementor-clearfix\">\n\t\t\t\t<p>Gar nicht so selten kommt es anders als man denkt und der gebuchte Urlaub muss storniert oder vorzeitig abgebrochen werden.<\/p><p>Das Widerrufsrecht nach \u00a7 18 Abs. 1 Z. 10 FAGG kommt nicht zur Anwendung, daf\u00fcr gelten bei uns die <span style=\"text-decoration: underline;\"><strong><a href=\"https:\/\/www.wko.at\/oe\/tourismus-freizeitwirtschaft\/hotellerie\/agb-hotellerie.pdf\">Allgemeinen Gesch\u00e4ftsbedingungen f\u00fcr di<\/a><\/strong><strong><a href=\"https:\/\/www.wko.at\/oe\/tourismus-freizeitwirtschaft\/hotellerie\/agb-hotellerie.pdf\">e<\/a><\/strong><\/span><strong><a href=\"https:\/\/www.wko.at\/oe\/tourismus-freizeitwirtschaft\/hotellerie\/agb-hotellerie.pdf\"><span style=\"text-decoration: underline;\"> Hotellerie<\/span>.<\/a><\/strong><\/p><h4>Stornobedingungen <strong>ALP APART<\/strong> TIROL:<\/h4><ul><li>Ab 30 Tagen vor Anreise, 24:00 Uhr: 30%<\/li><li>Ab 7 Tagen vor Anreise, 24:00 Uhr: 60%<\/li><li>Ab 3 Tagen vor Anreise, 24:00 Uhr: 90%<\/li><li>Vorzeitige Abreise: 100%<\/li><\/ul><p>Wir stehen Ihnen f\u00fcr R\u00fcckfragen jederzeit gerne zur Verf\u00fcgung!<\/p>\t\t\t\t\t<\/div>\n\t\t\t\t\t\t<\/div>\n\t\t\t\t<\/div>\n\t\t\t\t\t\t<\/div>\n\t\t\t\t\t<\/div>\n\t\t<\/div>\n\t\t\t\t\t\t\t\t<\/div>\n\t\t\t\t\t<\/div>\n\t\t<\/section>\n\t\t\t\t\t\t<\/div>\n\t\t\t\t\t\t<\/div>\n\t\t\t\t\t<\/div>\n\t\t","protected":false},"excerpt":{"rendered":"<p>Gar nicht so selten kommt es anders als man denkt und der gebuchte Urlaub muss storniert oder vorzeitig abgebrochen werden. Das Widerrufsrecht nach \u00a7 18 Abs. 1 Z. 10 FAGG kommt nicht zur Anwendung, daf\u00fcr gelten bei uns die Allgemeinen Gesch\u00e4ftsbedingungen f\u00fcr die Hotellerie. Stornobedingungen ALP APART TIROL: Ab 30 Tagen vor Anreise, 24:00 Uhr: [&hellip;]<\/p>\n","protected":false},"author":1,"featured_media":0,"parent":0,"menu_order":0,"comment_status":"closed","ping_status":"closed","template":"elementor_header_footer","meta":[],"aioseo_notices":[],"_links":{"self":[{"href":"https:\/\/www.alp-apart.tirol\/index.php?rest_route=\/wp\/v2\/pages\/1589"}],"collection":[{"href":"https:\/\/www.alp-apart.tirol\/index.php?rest_route=\/wp\/v2\/pages"}],"about":[{"href":"https:\/\/www.alp-apart.tirol\/index.php?rest_route=\/wp\/v2\/types\/page"}],"author":[{"embeddable":true,"href":"https:\/\/www.alp-apart.tirol\/index.php?rest_route=\/wp\/v2\/users\/1"}],"replies":[{"embeddable":true,"href":"https:\/\/www.alp-apart.tirol\/index.php?rest_route=%2Fwp%2Fv2%2Fcomments&post=1589"}],"version-history":[{"count":8,"href":"https:\/\/www.alp-apart.tirol\/index.php?rest_route=\/wp\/v2\/pages\/1589\/revisions"}],"predecessor-version":[{"id":1598,"href":"https:\/\/www.alp-apart.tirol\/index.php?rest_route=\/wp\/v2\/pages\/1589\/revisions\/1598"}],"wp:attachment":[{"href":"https:\/\/www.alp-apart.tirol\/index.php?rest_route=%2Fwp%2Fv2%2Fmedia&parent=1589"}],"curies":[{"name":"wp","href":"https:\/\/api.w.org\/{rel}","templated":true}]}}